{"id":213,"date":"2024-12-16T11:40:21","date_gmt":"2024-12-16T11:40:21","guid":{"rendered":"https:\/\/labottegadellamaglieria.com\/?page_id=213"},"modified":"2025-01-02T10:48:15","modified_gmt":"2025-01-02T10:48:15","slug":"servizi","status":"publish","type":"page","link":"https:\/\/labottegadellamaglieria.com\/?page_id=213","title":{"rendered":"Servizi"},"content":{"rendered":"\t\t<div data-elementor-type=\"wp-page\" data-elementor-id=\"213\" class=\"elementor elementor-213\" data-elementor-post-type=\"page\">\n\t\t\t\t<div class=\"elementor-element elementor-element-21b0d6f e-con-full e-flex e-con e-parent\" data-id=\"21b0d6f\" data-element_type=\"container\" data-e-type=\"container\">\n\t\t\t\t<div class=\"elementor-element elementor-element-9c09c94 elementor-invisible elementor-widget elementor-widget-image\" data-id=\"9c09c94\" data-element_type=\"widget\" data-e-type=\"widget\" data-settings=\"{&quot;_animation&quot;:&quot;zoomIn&quot;}\" data-widget_type=\"image.default\">\n\t\t\t\t<div class=\"elementor-widget-container\">\n\t\t\t\t\t\t\t\t\t\t\t\t\t\t\t<img fetchpriority=\"high\" decoding=\"async\" width=\"2560\" height=\"1710\" src=\"https:\/\/labottegadellamaglieria.com\/wp-content\/uploads\/2024\/12\/servizi-1-scaled.jpg\" class=\"attachment-full size-full wp-image-231\" alt=\"\" srcset=\"https:\/\/labottegadellamaglieria.com\/wp-content\/uploads\/2024\/12\/servizi-1-scaled.jpg 2560w, https:\/\/labottegadellamaglieria.com\/wp-content\/uploads\/2024\/12\/servizi-1-300x200.jpg 300w, https:\/\/labottegadellamaglieria.com\/wp-content\/uploads\/2024\/12\/servizi-1-1024x684.jpg 1024w, https:\/\/labottegadellamaglieria.com\/wp-content\/uploads\/2024\/12\/servizi-1-768x513.jpg 768w, https:\/\/labottegadellamaglieria.com\/wp-content\/uploads\/2024\/12\/servizi-1-1536x1026.jpg 1536w, https:\/\/labottegadellamaglieria.com\/wp-content\/uploads\/2024\/12\/servizi-1-2048x1368.jpg 2048w\" sizes=\"(max-width: 2560px) 100vw, 2560px\" \/>\t\t\t\t\t\t\t\t\t\t\t\t\t\t\t<\/div>\n\t\t\t\t<\/div>\n\t\t\t\t<\/div>\n\t\t<div class=\"elementor-element elementor-element-cea7aaa e-flex e-con-boxed e-con e-parent\" data-id=\"cea7aaa\" data-element_type=\"container\" data-e-type=\"container\">\n\t\t\t\t\t<div class=\"e-con-inner\">\n\t\t\t\t<div class=\"elementor-element elementor-element-e7c2552 elementor-widget elementor-widget-heading\" data-id=\"e7c2552\" data-element_type=\"widget\" data-e-type=\"widget\" data-widget_type=\"heading.default\">\n\t\t\t\t<div class=\"elementor-widget-container\">\n\t\t\t\t\t<h2 class=\"elementor-heading-title elementor-size-default\">I NOSTRI SERVIZI<\/h2>\t\t\t\t<\/div>\n\t\t\t\t<\/div>\n\t\t\t\t\t<\/div>\n\t\t\t\t<\/div>\n\t\t<div class=\"elementor-element elementor-element-42e99d9 e-flex e-con-boxed e-con e-parent\" data-id=\"42e99d9\" data-element_type=\"container\" data-e-type=\"container\">\n\t\t\t\t\t<div class=\"e-con-inner\">\n\t\t\t\t<div class=\"elementor-element elementor-element-2b6df6c elementor-widget__width-initial elementor-widget elementor-widget-text-editor\" data-id=\"2b6df6c\" data-element_type=\"widget\" data-e-type=\"widget\" data-widget_type=\"text-editor.default\">\n\t\t\t\t<div class=\"elementor-widget-container\">\n\t\t\t\t\t\t\t\t\t<p>Alla\u00a0<strong>La Bottega della Maglieria<\/strong> lavoriamo ogni giorno con passione e competenza, offrendo un <b>ciclo produttivo completo, <\/b>curato in ogni dettaglio e capace di soddisfare ogni tipo di esigenza di chi si rivolge a noi.<\/p><p>Il nostro team &#8211; <b>composto da 18 artigiani tessili esperti <\/b>&#8211; \u00e8 il cuore pulsante dell\u2019azienda: grazie alla loro maestria, al loro amore per questo lavoro e all\u2019utilizzo di <b>macchinari di ultima generazione<\/b>, siamo in grado di trasformare un semplice filato in capi di straordinaria qualit\u00e0.<\/p>\t\t\t\t\t\t\t\t<\/div>\n\t\t\t\t<\/div>\n\t\t\t\t<div class=\"elementor-element elementor-element-fad59a1 elementor-widget__width-initial elementor-widget elementor-widget-text-editor\" data-id=\"fad59a1\" data-element_type=\"widget\" data-e-type=\"widget\" data-widget_type=\"text-editor.default\">\n\t\t\t\t<div class=\"elementor-widget-container\">\n\t\t\t\t\t\t\t\t\t<p>Garantiamo una gamma di lavorazioni completa, eseguite con precisione e attenzione ai dettagli:<\/p><p>\u00a0<\/p><ul><li><b>Smacchinatura<\/b>: siamo specializzati nella lavorazione di tutte le finezze, dal 3 al 14, garantendo risultati perfetti sia per tessuti robusti che per filati pi\u00f9 delicati e leggeri.<\/li><li><b>Cucitura<\/b>: utilizziamo tecniche su misura per ogni tipo di filato e lavorazione, creando capi dalla vestibilit\u00e0 impeccabile e dall\u2019estetica raffinata.<\/li><li><b>Stiratura e confezionamento<\/b>: ogni capo viene stirato e confezionato con la massima cura, pronto per essere indossato o esposto nei negozi pi\u00f9 esclusivi.<\/li><\/ul>\t\t\t\t\t\t\t\t<\/div>\n\t\t\t\t<\/div>\n\t\t\t\t\t<\/div>\n\t\t\t\t<\/div>\n\t\t<div class=\"elementor-element elementor-element-17d78f1 e-con-full e-flex e-con e-parent\" data-id=\"17d78f1\" data-element_type=\"container\" data-e-type=\"container\">\n\t\t\t\t<div class=\"elementor-element elementor-element-d3d837c elementor-widget elementor-widget-heading\" data-id=\"d3d837c\" data-element_type=\"widget\" data-e-type=\"widget\" data-widget_type=\"heading.default\">\n\t\t\t\t<div class=\"elementor-widget-container\">\n\t\t\t\t\t<h2 class=\"elementor-heading-title elementor-size-default\">Dove artigianalit\u00e0 e tecnologia si incontrano<\/h2>\t\t\t\t<\/div>\n\t\t\t\t<\/div>\n\t\t\t\t<\/div>\n\t\t<div class=\"elementor-element elementor-element-2eff1db e-flex e-con-boxed e-con e-parent\" data-id=\"2eff1db\" data-element_type=\"container\" data-e-type=\"container\">\n\t\t\t\t\t<div class=\"e-con-inner\">\n\t\t\t\t<div class=\"elementor-element elementor-element-148f941 elementor-widget__width-inherit elementor-invisible elementor-widget elementor-widget-image\" data-id=\"148f941\" data-element_type=\"widget\" data-e-type=\"widget\" data-settings=\"{&quot;_animation&quot;:&quot;zoomIn&quot;}\" data-widget_type=\"image.default\">\n\t\t\t\t<div class=\"elementor-widget-container\">\n\t\t\t\t\t\t\t\t\t\t\t\t\t\t\t<img decoding=\"async\" width=\"2560\" height=\"1710\" src=\"https:\/\/labottegadellamaglieria.com\/wp-content\/uploads\/2024\/12\/tecnologia-scaled.jpg\" class=\"attachment-full size-full wp-image-241\" alt=\"\" srcset=\"https:\/\/labottegadellamaglieria.com\/wp-content\/uploads\/2024\/12\/tecnologia-scaled.jpg 2560w, https:\/\/labottegadellamaglieria.com\/wp-content\/uploads\/2024\/12\/tecnologia-300x200.jpg 300w, https:\/\/labottegadellamaglieria.com\/wp-content\/uploads\/2024\/12\/tecnologia-1024x684.jpg 1024w, https:\/\/labottegadellamaglieria.com\/wp-content\/uploads\/2024\/12\/tecnologia-768x513.jpg 768w, https:\/\/labottegadellamaglieria.com\/wp-content\/uploads\/2024\/12\/tecnologia-1536x1026.jpg 1536w, https:\/\/labottegadellamaglieria.com\/wp-content\/uploads\/2024\/12\/tecnologia-2048x1368.jpg 2048w\" sizes=\"(max-width: 2560px) 100vw, 2560px\" \/>\t\t\t\t\t\t\t\t\t\t\t\t\t\t\t<\/div>\n\t\t\t\t<\/div>\n\t\t\t\t\t<\/div>\n\t\t\t\t<\/div>\n\t\t<div class=\"elementor-element elementor-element-d66a3cc e-flex e-con-boxed e-con e-parent\" data-id=\"d66a3cc\" data-element_type=\"container\" data-e-type=\"container\">\n\t\t\t\t\t<div class=\"e-con-inner\">\n\t\t\t\t<div class=\"elementor-element elementor-element-0250c16 elementor-widget__width-initial elementor-widget elementor-widget-text-editor\" data-id=\"0250c16\" data-element_type=\"widget\" data-e-type=\"widget\" data-widget_type=\"text-editor.default\">\n\t\t\t\t<div class=\"elementor-widget-container\">\n\t\t\t\t\t\t\t\t\t<p>Il nostro parco macchine comprende le innovative <strong>macchine Steiger<\/strong>, conosciute per la loro versatilit\u00e0 e precisione. Questi macchinari ci consentono di lavorare tutte le finezze del filo, dalle pi\u00f9 spesse alle pi\u00f9 sottili, adattandoci alle diverse richieste del mercato.<\/p><p>Ecco alcune delle nostre specifiche tecniche:<\/p><ul><li><strong>Finezza 14<\/strong>: ideale per lavorazioni leggere e capi dal design sofisticato.<\/li><li><strong>Finezza 12<\/strong>: con possibilit\u00e0 di creare articoli di grande formato, come coperte di alta gamma.<\/li><li><strong>Finezza 7<\/strong>: per capi di medio spessore, versatili e resistenti.<\/li><li><strong>Finezza 5 e 3<\/strong>: perfette per articoli pi\u00f9 robusti e strutturati, mantenendo comunque un\u2019elevata attenzione al dettaglio.<\/li><\/ul><p>\u00a0<\/p><p>In aggiunta, le nostre <strong>macchine da cucire dedicate a ogni finezza<\/strong> completano il\u00a0 processo, garantendo un risultato finale impeccabile.<\/p>\t\t\t\t\t\t\t\t<\/div>\n\t\t\t\t<\/div>\n\t\t\t\t\t<\/div>\n\t\t\t\t<\/div>\n\t\t<div class=\"elementor-element elementor-element-f0703d2 e-con-full e-flex e-con e-parent\" data-id=\"f0703d2\" data-element_type=\"container\" data-e-type=\"container\">\n\t\t<div class=\"elementor-element elementor-element-6923b13 e-con-full e-flex e-con e-child\" data-id=\"6923b13\" data-element_type=\"container\" data-e-type=\"container\">\n\t\t\t\t<div class=\"elementor-element elementor-element-02abf35 elementor-widget elementor-widget-image\" data-id=\"02abf35\" data-element_type=\"widget\" data-e-type=\"widget\" data-widget_type=\"image.default\">\n\t\t\t\t<div class=\"elementor-widget-container\">\n\t\t\t\t\t\t\t\t\t\t\t\t\t\t\t\t<a href=\"https:\/\/labottegadellamaglieria.com\/wp-content\/uploads\/2024\/12\/tecnoservizi1-1.jpg\" data-elementor-open-lightbox=\"yes\" data-elementor-lightbox-title=\"tecnoservizi1-1\" data-e-action-hash=\"#elementor-action%3Aaction%3Dlightbox%26settings%3DeyJpZCI6Mjc0LCJ1cmwiOiJodHRwczpcL1wvbGFib3R0ZWdhZGVsbGFtYWdsaWVyaWEuY29tXC93cC1jb250ZW50XC91cGxvYWRzXC8yMDI0XC8xMlwvdGVjbm9zZXJ2aXppMS0xLmpwZyJ9\">\n\t\t\t\t\t\t\t<img decoding=\"async\" width=\"800\" height=\"800\" src=\"https:\/\/labottegadellamaglieria.com\/wp-content\/uploads\/2024\/12\/tecnoservizi1-1-1024x1024.jpg\" class=\"attachment-large size-large wp-image-274\" alt=\"\" srcset=\"https:\/\/labottegadellamaglieria.com\/wp-content\/uploads\/2024\/12\/tecnoservizi1-1-1024x1024.jpg 1024w, https:\/\/labottegadellamaglieria.com\/wp-content\/uploads\/2024\/12\/tecnoservizi1-1-300x300.jpg 300w, https:\/\/labottegadellamaglieria.com\/wp-content\/uploads\/2024\/12\/tecnoservizi1-1-150x150.jpg 150w, https:\/\/labottegadellamaglieria.com\/wp-content\/uploads\/2024\/12\/tecnoservizi1-1-768x768.jpg 768w, https:\/\/labottegadellamaglieria.com\/wp-content\/uploads\/2024\/12\/tecnoservizi1-1-1536x1536.jpg 1536w, https:\/\/labottegadellamaglieria.com\/wp-content\/uploads\/2024\/12\/tecnoservizi1-1-2048x2048.jpg 2048w\" sizes=\"(max-width: 800px) 100vw, 800px\" \/>\t\t\t\t\t\t\t\t<\/a>\n\t\t\t\t\t\t\t\t\t\t\t\t\t\t\t<\/div>\n\t\t\t\t<\/div>\n\t\t\t\t<\/div>\n\t\t<div class=\"elementor-element elementor-element-6eabd3e e-con-full e-flex e-con e-child\" data-id=\"6eabd3e\" data-element_type=\"container\" data-e-type=\"container\">\n\t\t\t\t<div class=\"elementor-element elementor-element-fe39652 elementor-widget elementor-widget-image\" data-id=\"fe39652\" data-element_type=\"widget\" data-e-type=\"widget\" data-widget_type=\"image.default\">\n\t\t\t\t<div class=\"elementor-widget-container\">\n\t\t\t\t\t\t\t\t\t\t\t\t\t\t\t\t<a href=\"https:\/\/labottegadellamaglieria.com\/wp-content\/uploads\/2024\/12\/tecnoservizi2.jpg\" data-elementor-open-lightbox=\"yes\" data-elementor-lightbox-title=\"tecnoservizi2\" data-e-action-hash=\"#elementor-action%3Aaction%3Dlightbox%26settings%3DeyJpZCI6MjQ2LCJ1cmwiOiJodHRwczpcL1wvbGFib3R0ZWdhZGVsbGFtYWdsaWVyaWEuY29tXC93cC1jb250ZW50XC91cGxvYWRzXC8yMDI0XC8xMlwvdGVjbm9zZXJ2aXppMi5qcGcifQ%3D%3D\">\n\t\t\t\t\t\t\t<img loading=\"lazy\" decoding=\"async\" width=\"800\" height=\"800\" src=\"https:\/\/labottegadellamaglieria.com\/wp-content\/uploads\/2024\/12\/tecnoservizi2-1024x1024.jpg\" class=\"attachment-large size-large wp-image-246\" alt=\"\" srcset=\"https:\/\/labottegadellamaglieria.com\/wp-content\/uploads\/2024\/12\/tecnoservizi2-1024x1024.jpg 1024w, https:\/\/labottegadellamaglieria.com\/wp-content\/uploads\/2024\/12\/tecnoservizi2-300x300.jpg 300w, https:\/\/labottegadellamaglieria.com\/wp-content\/uploads\/2024\/12\/tecnoservizi2-150x150.jpg 150w, https:\/\/labottegadellamaglieria.com\/wp-content\/uploads\/2024\/12\/tecnoservizi2-768x768.jpg 768w, https:\/\/labottegadellamaglieria.com\/wp-content\/uploads\/2024\/12\/tecnoservizi2-1536x1536.jpg 1536w, https:\/\/labottegadellamaglieria.com\/wp-content\/uploads\/2024\/12\/tecnoservizi2-2048x2048.jpg 2048w\" sizes=\"(max-width: 800px) 100vw, 800px\" \/>\t\t\t\t\t\t\t\t<\/a>\n\t\t\t\t\t\t\t\t\t\t\t\t\t\t\t<\/div>\n\t\t\t\t<\/div>\n\t\t\t\t<\/div>\n\t\t<div class=\"elementor-element elementor-element-fb5c7df e-con-full e-flex e-con e-child\" data-id=\"fb5c7df\" data-element_type=\"container\" data-e-type=\"container\">\n\t\t\t\t<div class=\"elementor-element elementor-element-11f2967 elementor-widget elementor-widget-image\" data-id=\"11f2967\" data-element_type=\"widget\" data-e-type=\"widget\" data-widget_type=\"image.default\">\n\t\t\t\t<div class=\"elementor-widget-container\">\n\t\t\t\t\t\t\t\t\t\t\t\t\t\t\t\t<a href=\"https:\/\/labottegadellamaglieria.com\/wp-content\/uploads\/2024\/12\/tecnoservizi3.jpg\" data-elementor-open-lightbox=\"yes\" data-elementor-lightbox-title=\"tecnoservizi3\" data-e-action-hash=\"#elementor-action%3Aaction%3Dlightbox%26settings%3DeyJpZCI6MjQ3LCJ1cmwiOiJodHRwczpcL1wvbGFib3R0ZWdhZGVsbGFtYWdsaWVyaWEuY29tXC93cC1jb250ZW50XC91cGxvYWRzXC8yMDI0XC8xMlwvdGVjbm9zZXJ2aXppMy5qcGcifQ%3D%3D\">\n\t\t\t\t\t\t\t<img loading=\"lazy\" decoding=\"async\" width=\"800\" height=\"800\" src=\"https:\/\/labottegadellamaglieria.com\/wp-content\/uploads\/2024\/12\/tecnoservizi3-1024x1024.jpg\" class=\"attachment-large size-large wp-image-247\" alt=\"\" srcset=\"https:\/\/labottegadellamaglieria.com\/wp-content\/uploads\/2024\/12\/tecnoservizi3-1024x1024.jpg 1024w, https:\/\/labottegadellamaglieria.com\/wp-content\/uploads\/2024\/12\/tecnoservizi3-300x300.jpg 300w, https:\/\/labottegadellamaglieria.com\/wp-content\/uploads\/2024\/12\/tecnoservizi3-150x150.jpg 150w, https:\/\/labottegadellamaglieria.com\/wp-content\/uploads\/2024\/12\/tecnoservizi3-768x768.jpg 768w, https:\/\/labottegadellamaglieria.com\/wp-content\/uploads\/2024\/12\/tecnoservizi3-1536x1536.jpg 1536w, https:\/\/labottegadellamaglieria.com\/wp-content\/uploads\/2024\/12\/tecnoservizi3-2048x2048.jpg 2048w\" sizes=\"(max-width: 800px) 100vw, 800px\" \/>\t\t\t\t\t\t\t\t<\/a>\n\t\t\t\t\t\t\t\t\t\t\t\t\t\t\t<\/div>\n\t\t\t\t<\/div>\n\t\t\t\t<\/div>\n\t\t\t\t<\/div>\n\t\t<div class=\"elementor-element elementor-element-3628fc2 e-flex e-con-boxed e-con e-parent\" data-id=\"3628fc2\" data-element_type=\"container\" data-e-type=\"container\">\n\t\t\t\t\t<div class=\"e-con-inner\">\n\t\t\t\t<div class=\"elementor-element elementor-element-afb7b73 elementor-widget elementor-widget-heading\" data-id=\"afb7b73\" data-element_type=\"widget\" data-e-type=\"widget\" data-widget_type=\"heading.default\">\n\t\t\t\t<div class=\"elementor-widget-container\">\n\t\t\t\t\t<h2 class=\"elementor-heading-title elementor-size-default\">Collaborazioni di eccellenza<\/h2>\t\t\t\t<\/div>\n\t\t\t\t<\/div>\n\t\t\t\t\t<\/div>\n\t\t\t\t<\/div>\n\t\t<div class=\"elementor-element elementor-element-3cf8bf4 e-flex e-con-boxed e-con e-parent\" data-id=\"3cf8bf4\" data-element_type=\"container\" data-e-type=\"container\">\n\t\t\t\t\t<div class=\"e-con-inner\">\n\t\t\t\t<div class=\"elementor-element elementor-element-4303ed6 elementor-widget__width-initial elementor-widget elementor-widget-text-editor\" data-id=\"4303ed6\" data-element_type=\"widget\" data-e-type=\"widget\" data-widget_type=\"text-editor.default\">\n\t\t\t\t<div class=\"elementor-widget-container\">\n\t\t\t\t\t\t\t\t\t<p>Collaboriamo con alcune delle case di moda <strong>pi\u00f9 prestigiose a livello internazionale<\/strong>, offrendo un servizio in <strong>conto terzi<\/strong> che unisce precisione, creativit\u00e0 e affidabilit\u00e0.<\/p><p>Ogni capo prodotto \u00e8 una testimonianza della nostra capacit\u00e0 di interpretare e realizzare le visioni dei designer pi\u00f9 esigenti.<\/p>\t\t\t\t\t\t\t\t<\/div>\n\t\t\t\t<\/div>\n\t\t\t\t\t<\/div>\n\t\t\t\t<\/div>\n\t\t<div class=\"elementor-element elementor-element-7a25e48 e-con-full e-flex e-con e-parent\" data-id=\"7a25e48\" data-element_type=\"container\" data-e-type=\"container\">\n\t\t<div class=\"elementor-element elementor-element-d4af487 e-con-full e-flex e-con e-child\" data-id=\"d4af487\" data-element_type=\"container\" data-e-type=\"container\">\n\t\t\t\t<div class=\"elementor-element elementor-element-ae41a8b elementor-widget elementor-widget-image\" data-id=\"ae41a8b\" data-element_type=\"widget\" data-e-type=\"widget\" data-widget_type=\"image.default\">\n\t\t\t\t<div class=\"elementor-widget-container\">\n\t\t\t\t\t\t\t\t\t\t\t\t\t\t\t\t<a href=\"https:\/\/labottegadellamaglieria.com\/wp-content\/uploads\/2025\/01\/A744087-Migliorato-NR-1.jpg\" data-elementor-open-lightbox=\"yes\" data-elementor-lightbox-title=\"_A744087-Migliorato-NR\" data-e-action-hash=\"#elementor-action%3Aaction%3Dlightbox%26settings%3DeyJpZCI6MzkwLCJ1cmwiOiJodHRwczpcL1wvbGFib3R0ZWdhZGVsbGFtYWdsaWVyaWEuY29tXC93cC1jb250ZW50XC91cGxvYWRzXC8yMDI1XC8wMVwvQTc0NDA4Ny1NaWdsaW9yYXRvLU5SLTEuanBnIn0%3D\">\n\t\t\t\t\t\t\t<img loading=\"lazy\" decoding=\"async\" width=\"2500\" height=\"2500\" src=\"https:\/\/labottegadellamaglieria.com\/wp-content\/uploads\/2025\/01\/A744087-Migliorato-NR-1.jpg\" class=\"attachment-full size-full wp-image-390\" alt=\"\" srcset=\"https:\/\/labottegadellamaglieria.com\/wp-content\/uploads\/2025\/01\/A744087-Migliorato-NR-1.jpg 2500w, https:\/\/labottegadellamaglieria.com\/wp-content\/uploads\/2025\/01\/A744087-Migliorato-NR-1-300x300.jpg 300w, https:\/\/labottegadellamaglieria.com\/wp-content\/uploads\/2025\/01\/A744087-Migliorato-NR-1-1024x1024.jpg 1024w, https:\/\/labottegadellamaglieria.com\/wp-content\/uploads\/2025\/01\/A744087-Migliorato-NR-1-150x150.jpg 150w, https:\/\/labottegadellamaglieria.com\/wp-content\/uploads\/2025\/01\/A744087-Migliorato-NR-1-768x768.jpg 768w, https:\/\/labottegadellamaglieria.com\/wp-content\/uploads\/2025\/01\/A744087-Migliorato-NR-1-1536x1536.jpg 1536w, https:\/\/labottegadellamaglieria.com\/wp-content\/uploads\/2025\/01\/A744087-Migliorato-NR-1-2048x2048.jpg 2048w\" sizes=\"(max-width: 2500px) 100vw, 2500px\" \/>\t\t\t\t\t\t\t\t<\/a>\n\t\t\t\t\t\t\t\t\t\t\t\t\t\t\t<\/div>\n\t\t\t\t<\/div>\n\t\t\t\t<\/div>\n\t\t<div class=\"elementor-element elementor-element-df1eaee e-con-full e-flex e-con e-child\" data-id=\"df1eaee\" data-element_type=\"container\" data-e-type=\"container\">\n\t\t\t\t<div class=\"elementor-element elementor-element-07c6839 elementor-widget elementor-widget-image\" data-id=\"07c6839\" data-element_type=\"widget\" data-e-type=\"widget\" data-widget_type=\"image.default\">\n\t\t\t\t<div class=\"elementor-widget-container\">\n\t\t\t\t\t\t\t\t\t\t\t\t\t\t\t\t<a href=\"https:\/\/labottegadellamaglieria.com\/wp-content\/uploads\/2025\/01\/A7S07335-Migliorato-NR.jpg\" data-elementor-open-lightbox=\"yes\" data-elementor-lightbox-title=\"A7S07335-Migliorato-NR\" data-e-action-hash=\"#elementor-action%3Aaction%3Dlightbox%26settings%3DeyJpZCI6MzkxLCJ1cmwiOiJodHRwczpcL1wvbGFib3R0ZWdhZGVsbGFtYWdsaWVyaWEuY29tXC93cC1jb250ZW50XC91cGxvYWRzXC8yMDI1XC8wMVwvQTdTMDczMzUtTWlnbGlvcmF0by1OUi5qcGcifQ%3D%3D\">\n\t\t\t\t\t\t\t<img loading=\"lazy\" decoding=\"async\" width=\"800\" height=\"800\" src=\"https:\/\/labottegadellamaglieria.com\/wp-content\/uploads\/2025\/01\/A7S07335-Migliorato-NR-1024x1024.jpg\" class=\"attachment-large size-large wp-image-391\" alt=\"\" srcset=\"https:\/\/labottegadellamaglieria.com\/wp-content\/uploads\/2025\/01\/A7S07335-Migliorato-NR-1024x1024.jpg 1024w, https:\/\/labottegadellamaglieria.com\/wp-content\/uploads\/2025\/01\/A7S07335-Migliorato-NR-300x300.jpg 300w, https:\/\/labottegadellamaglieria.com\/wp-content\/uploads\/2025\/01\/A7S07335-Migliorato-NR-150x150.jpg 150w, https:\/\/labottegadellamaglieria.com\/wp-content\/uploads\/2025\/01\/A7S07335-Migliorato-NR-768x768.jpg 768w, https:\/\/labottegadellamaglieria.com\/wp-content\/uploads\/2025\/01\/A7S07335-Migliorato-NR-1536x1536.jpg 1536w, https:\/\/labottegadellamaglieria.com\/wp-content\/uploads\/2025\/01\/A7S07335-Migliorato-NR-2048x2048.jpg 2048w\" sizes=\"(max-width: 800px) 100vw, 800px\" \/>\t\t\t\t\t\t\t\t<\/a>\n\t\t\t\t\t\t\t\t\t\t\t\t\t\t\t<\/div>\n\t\t\t\t<\/div>\n\t\t\t\t<\/div>\n\t\t<div class=\"elementor-element elementor-element-4bc963f e-con-full e-flex e-con e-child\" data-id=\"4bc963f\" data-element_type=\"container\" data-e-type=\"container\">\n\t\t\t\t<div class=\"elementor-element elementor-element-2057403 elementor-widget elementor-widget-image\" data-id=\"2057403\" data-element_type=\"widget\" data-e-type=\"widget\" data-widget_type=\"image.default\">\n\t\t\t\t<div class=\"elementor-widget-container\">\n\t\t\t\t\t\t\t\t\t\t\t\t\t\t\t\t<a href=\"https:\/\/labottegadellamaglieria.com\/wp-content\/uploads\/2025\/01\/A7S07336-Migliorato-NR.jpg\" data-elementor-open-lightbox=\"yes\" data-elementor-lightbox-title=\"A7S07336-Migliorato-NR\" data-e-action-hash=\"#elementor-action%3Aaction%3Dlightbox%26settings%3DeyJpZCI6MzkyLCJ1cmwiOiJodHRwczpcL1wvbGFib3R0ZWdhZGVsbGFtYWdsaWVyaWEuY29tXC93cC1jb250ZW50XC91cGxvYWRzXC8yMDI1XC8wMVwvQTdTMDczMzYtTWlnbGlvcmF0by1OUi5qcGcifQ%3D%3D\">\n\t\t\t\t\t\t\t<img loading=\"lazy\" decoding=\"async\" width=\"800\" height=\"800\" src=\"https:\/\/labottegadellamaglieria.com\/wp-content\/uploads\/2025\/01\/A7S07336-Migliorato-NR-1024x1024.jpg\" class=\"attachment-large size-large wp-image-392\" alt=\"\" srcset=\"https:\/\/labottegadellamaglieria.com\/wp-content\/uploads\/2025\/01\/A7S07336-Migliorato-NR-1024x1024.jpg 1024w, https:\/\/labottegadellamaglieria.com\/wp-content\/uploads\/2025\/01\/A7S07336-Migliorato-NR-300x300.jpg 300w, https:\/\/labottegadellamaglieria.com\/wp-content\/uploads\/2025\/01\/A7S07336-Migliorato-NR-150x150.jpg 150w, https:\/\/labottegadellamaglieria.com\/wp-content\/uploads\/2025\/01\/A7S07336-Migliorato-NR-768x768.jpg 768w, https:\/\/labottegadellamaglieria.com\/wp-content\/uploads\/2025\/01\/A7S07336-Migliorato-NR-1536x1536.jpg 1536w, https:\/\/labottegadellamaglieria.com\/wp-content\/uploads\/2025\/01\/A7S07336-Migliorato-NR-2048x2048.jpg 2048w\" sizes=\"(max-width: 800px) 100vw, 800px\" \/>\t\t\t\t\t\t\t\t<\/a>\n\t\t\t\t\t\t\t\t\t\t\t\t\t\t\t<\/div>\n\t\t\t\t<\/div>\n\t\t\t\t<\/div>\n\t\t<div class=\"elementor-element elementor-element-4b5ef88 e-con-full e-flex e-con e-child\" data-id=\"4b5ef88\" data-element_type=\"container\" data-e-type=\"container\">\n\t\t\t\t<div class=\"elementor-element elementor-element-d0bb0e6 elementor-widget elementor-widget-image\" data-id=\"d0bb0e6\" data-element_type=\"widget\" data-e-type=\"widget\" data-widget_type=\"image.default\">\n\t\t\t\t<div class=\"elementor-widget-container\">\n\t\t\t\t\t\t\t\t\t\t\t\t\t\t\t\t<a href=\"https:\/\/labottegadellamaglieria.com\/wp-content\/uploads\/2024\/12\/galleriaservizi4.jpg\" data-elementor-open-lightbox=\"yes\" data-elementor-lightbox-title=\"galleriaservizi4\" data-e-action-hash=\"#elementor-action%3Aaction%3Dlightbox%26settings%3DeyJpZCI6Mjc4LCJ1cmwiOiJodHRwczpcL1wvbGFib3R0ZWdhZGVsbGFtYWdsaWVyaWEuY29tXC93cC1jb250ZW50XC91cGxvYWRzXC8yMDI0XC8xMlwvZ2FsbGVyaWFzZXJ2aXppNC5qcGcifQ%3D%3D\">\n\t\t\t\t\t\t\t<img loading=\"lazy\" decoding=\"async\" width=\"800\" height=\"800\" src=\"https:\/\/labottegadellamaglieria.com\/wp-content\/uploads\/2024\/12\/galleriaservizi4-1024x1024.jpg\" class=\"attachment-large size-large wp-image-278\" alt=\"\" srcset=\"https:\/\/labottegadellamaglieria.com\/wp-content\/uploads\/2024\/12\/galleriaservizi4-1024x1024.jpg 1024w, https:\/\/labottegadellamaglieria.com\/wp-content\/uploads\/2024\/12\/galleriaservizi4-300x300.jpg 300w, https:\/\/labottegadellamaglieria.com\/wp-content\/uploads\/2024\/12\/galleriaservizi4-150x150.jpg 150w, https:\/\/labottegadellamaglieria.com\/wp-content\/uploads\/2024\/12\/galleriaservizi4-768x768.jpg 768w, https:\/\/labottegadellamaglieria.com\/wp-content\/uploads\/2024\/12\/galleriaservizi4-1536x1536.jpg 1536w, https:\/\/labottegadellamaglieria.com\/wp-content\/uploads\/2024\/12\/galleriaservizi4-2048x2048.jpg 2048w\" sizes=\"(max-width: 800px) 100vw, 800px\" \/>\t\t\t\t\t\t\t\t<\/a>\n\t\t\t\t\t\t\t\t\t\t\t\t\t\t\t<\/div>\n\t\t\t\t<\/div>\n\t\t\t\t<\/div>\n\t\t\t\t<\/div>\n\t\t<div class=\"elementor-element elementor-element-e3f8439 e-flex e-con-boxed e-con e-parent\" data-id=\"e3f8439\" data-element_type=\"container\" data-e-type=\"container\">\n\t\t\t\t\t<div class=\"e-con-inner\">\n\t\t\t\t<div class=\"elementor-element elementor-element-677df6e elementor-widget elementor-widget-text-editor\" data-id=\"677df6e\" data-element_type=\"widget\" data-e-type=\"widget\" data-widget_type=\"text-editor.default\">\n\t\t\t\t<div class=\"elementor-widget-container\">\n\t\t\t\t\t\t\t\t\t<p><strong>Qualit\u00e0 artigianale<\/strong>, <strong>tecnologia d\u2019avanguardia<\/strong> e uno <strong>stile senza tempo<\/strong>:<\/p><p><em>questo \u00e8 il nostro impegno quotidiano per vestire l\u2019eccellenza!<\/em><\/p>\t\t\t\t\t\t\t\t<\/div>\n\t\t\t\t<\/div>\n\t\t\t\t\t<\/div>\n\t\t\t\t<\/div>\n\t\t\t\t<\/div>\n\t\t","protected":false},"excerpt":{"rendered":"<p>I NOSTRI SERVIZI Alla\u00a0La Bottega della Maglieria lavoriamo ogni giorno con passione e competenza, offrendo un ciclo produttivo completo, curato in ogni dettaglio e capace di soddisfare ogni tipo di esigenza di chi si rivolge a noi. Il nostro team &#8211; composto da 18 artigiani tessili esperti &#8211; \u00e8 il cuore pulsante dell\u2019azienda: grazie alla [&hellip;]<\/p>\n","protected":false},"author":3,"featured_media":0,"parent":0,"menu_order":0,"comment_status":"closed","ping_status":"closed","template":"","meta":{"footnotes":""},"class_list":["post-213","page","type-page","status-publish","hentry"],"_links":{"self":[{"href":"https:\/\/labottegadellamaglieria.com\/index.php?rest_route=\/wp\/v2\/pages\/213","targetHints":{"allow":["GET"]}}],"collection":[{"href":"https:\/\/labottegadellamaglieria.com\/index.php?rest_route=\/wp\/v2\/pages"}],"about":[{"href":"https:\/\/labottegadellamaglieria.com\/index.php?rest_route=\/wp\/v2\/types\/page"}],"author":[{"embeddable":true,"href":"https:\/\/labottegadellamaglieria.com\/index.php?rest_route=\/wp\/v2\/users\/3"}],"replies":[{"embeddable":true,"href":"https:\/\/labottegadellamaglieria.com\/index.php?rest_route=%2Fwp%2Fv2%2Fcomments&post=213"}],"version-history":[{"count":64,"href":"https:\/\/labottegadellamaglieria.com\/index.php?rest_route=\/wp\/v2\/pages\/213\/revisions"}],"predecessor-version":[{"id":395,"href":"https:\/\/labottegadellamaglieria.com\/index.php?rest_route=\/wp\/v2\/pages\/213\/revisions\/395"}],"wp:attachment":[{"href":"https:\/\/labottegadellamaglieria.com\/index.php?rest_route=%2Fwp%2Fv2%2Fmedia&parent=213"}],"curies":[{"name":"wp","href":"https:\/\/api.w.org\/{rel}","templated":true}]}}